{"id":2505,"date":"2022-05-25T18:20:57","date_gmt":"2022-05-25T22:20:57","guid":{"rendered":"https:\/\/www.easykite.fr\/?page_id=2505"},"modified":"2024-02-21T16:02:39","modified_gmt":"2024-02-21T15:02:39","slug":"articles","status":"publish","type":"page","link":"https:\/\/roy-a.name\/easykite\/wordpress\/articles\/","title":{"rendered":"Articles"},"content":{"rendered":"\t\t<div data-elementor-type=\"wp-page\" data-elementor-id=\"2505\" class=\"elementor elementor-2505\" data-elementor-post-type=\"page\">\n\t\t\t\t\t\t<section class=\"elementor-section elementor-top-section elementor-element elementor-element-b6c978c elementor-section-full_width elementor-section-height-default elementor-section-height-default\" data-id=\"b6c978c\" data-element_type=\"section\">\n\t\t\t\t\t\t<div class=\"elementor-container elementor-column-gap-default\">\n\t\t\t\t\t<div class=\"elementor-column elementor-col-100 elementor-top-column elementor-element elementor-element-562ad1b\" data-id=\"562ad1b\" data-element_type=\"column\" data-settings=\"{&quot;background_background&quot;:&quot;classic&quot;}\">\n\t\t\t<div class=\"elementor-widget-wrap elementor-element-populated\">\n\t\t\t\t\t\t<div class=\"elementor-element elementor-element-03adb7c elementor-widget__width-inherit elementor-widget elementor-widget-spacer\" data-id=\"03adb7c\" data-element_type=\"widget\" data-widget_type=\"spacer.default\">\n\t\t\t\t<div class=\"elementor-widget-container\">\n\t\t\t<style>\/*! elementor - v3.19.0 - 07-02-2024 *\/\n.elementor-column .elementor-spacer-inner{height:var(--spacer-size)}.e-con{--container-widget-width:100%}.e-con-inner>.elementor-widget-spacer,.e-con>.elementor-widget-spacer{width:var(--container-widget-width,var(--spacer-size));--align-self:var(--container-widget-align-self,initial);--flex-shrink:0}.e-con-inner>.elementor-widget-spacer>.elementor-widget-container,.e-con>.elementor-widget-spacer>.elementor-widget-container{height:100%;width:100%}.e-con-inner>.elementor-widget-spacer>.elementor-widget-container>.elementor-spacer,.e-con>.elementor-widget-spacer>.elementor-widget-container>.elementor-spacer{height:100%}.e-con-inner>.elementor-widget-spacer>.elementor-widget-container>.elementor-spacer>.elementor-spacer-inner,.e-con>.elementor-widget-spacer>.elementor-widget-container>.elementor-spacer>.elementor-spacer-inner{height:var(--container-widget-height,var(--spacer-size))}.e-con-inner>.elementor-widget-spacer.elementor-widget-empty,.e-con>.elementor-widget-spacer.elementor-widget-empty{position:relative;min-height:22px;min-width:22px}.e-con-inner>.elementor-widget-spacer.elementor-widget-empty .elementor-widget-empty-icon,.e-con>.elementor-widget-spacer.elementor-widget-empty .elementor-widget-empty-icon{position:absolute;top:0;bottom:0;left:0;right:0;margin:auto;padding:0;width:22px;height:22px}<\/style>\t\t<div class=\"elementor-spacer\">\n\t\t\t<div class=\"elementor-spacer-inner\"><\/div>\n\t\t<\/div>\n\t\t\t\t<\/div>\n\t\t\t\t<\/div>\n\t\t\t\t\t<\/div>\n\t\t<\/div>\n\t\t\t\t\t<\/div>\n\t\t<\/section>\n\t\t\t\t<section class=\"elementor-section elementor-top-section elementor-element elementor-element-f8ac155 elementor-section-boxed elementor-section-height-default elementor-section-height-default\" data-id=\"f8ac155\" data-element_type=\"section\">\n\t\t\t\t\t\t<div class=\"elementor-container elementor-column-gap-default\">\n\t\t\t\t\t<div class=\"elementor-column elementor-col-100 elementor-top-column elementor-element elementor-element-e397223\" data-id=\"e397223\" data-element_type=\"column\">\n\t\t\t<div class=\"elementor-widget-wrap elementor-element-populated\">\n\t\t\t\t\t\t<div class=\"elementor-element elementor-element-695ffad elementor-widget elementor-widget-heading\" data-id=\"695ffad\" data-element_type=\"widget\" data-widget_type=\"heading.default\">\n\t\t\t\t<div class=\"elementor-widget-container\">\n\t\t\t<style>\/*! elementor - v3.19.0 - 07-02-2024 *\/\n.elementor-heading-title{padding:0;margin:0;line-height:1}.elementor-widget-heading .elementor-heading-title[class*=elementor-size-]>a{color:inherit;font-size:inherit;line-height:inherit}.elementor-widget-heading .elementor-heading-title.elementor-size-small{font-size:15px}.elementor-widget-heading .elementor-heading-title.elementor-size-medium{font-size:19px}.elementor-widget-heading .elementor-heading-title.elementor-size-large{font-size:29px}.elementor-widget-heading .elementor-heading-title.elementor-size-xl{font-size:39px}.elementor-widget-heading .elementor-heading-title.elementor-size-xxl{font-size:59px}<\/style><h1 class=\"elementor-heading-title elementor-size-default\">Articles sur l'actualit\u00e9 de Kite &amp; Wing<\/h1>\t\t<\/div>\n\t\t\t\t<\/div>\n\t\t\t\t\t<\/div>\n\t\t<\/div>\n\t\t\t\t\t<\/div>\n\t\t<\/section>\n\t\t\t\t<section class=\"elementor-section elementor-top-section elementor-element elementor-element-506b931 elementor-section-boxed elementor-section-height-default elementor-section-height-default\" data-id=\"506b931\" data-element_type=\"section\">\n\t\t\t\t\t\t<div class=\"elementor-container elementor-column-gap-default\">\n\t\t\t\t\t<div class=\"elementor-column elementor-col-100 elementor-top-column elementor-element elementor-element-76c670f\" data-id=\"76c670f\" data-element_type=\"column\">\n\t\t\t<div class=\"elementor-widget-wrap elementor-element-populated\">\n\t\t\t\t\t\t<div class=\"elementor-element elementor-element-d941cdf elementor-grid-3 elementor-grid-tablet-2 elementor-grid-mobile-1 elementor-posts--thumbnail-top elementor-card-shadow-yes elementor-posts__hover-gradient elementor-widget elementor-widget-posts\" data-id=\"d941cdf\" data-element_type=\"widget\" data-settings=\"{&quot;pagination_type&quot;:&quot;prev_next&quot;,&quot;cards_columns&quot;:&quot;3&quot;,&quot;cards_columns_tablet&quot;:&quot;2&quot;,&quot;cards_columns_mobile&quot;:&quot;1&quot;,&quot;cards_row_gap&quot;:{&quot;unit&quot;:&quot;px&quot;,&quot;size&quot;:35,&quot;sizes&quot;:[]},&quot;cards_row_gap_tablet&quot;:{&quot;unit&quot;:&quot;px&quot;,&quot;size&quot;:&quot;&quot;,&quot;sizes&quot;:[]},&quot;cards_row_gap_mobile&quot;:{&quot;unit&quot;:&quot;px&quot;,&quot;size&quot;:&quot;&quot;,&quot;sizes&quot;:[]}}\" data-widget_type=\"posts.cards\">\n\t\t\t\t<div class=\"elementor-widget-container\">\n\t\t\t<link rel=\"stylesheet\" href=\"https:\/\/roy-a.name\/easykite\/wordpress\/wp-content\/plugins\/elementor-pro\/assets\/css\/widget-posts.min.css\">\t\t<div class=\"elementor-posts-container elementor-posts elementor-posts--skin-cards elementor-grid\">\n\t\t\t\t<article class=\"elementor-post elementor-grid-item post-4118 post type-post status-publish format-standard hentry category-actualites category-uncategorized tag-kitesurf-guadeloupe tag-sargasses-guadeloupe tag-spot-kitesurf tag-wingfoil-guadeloupe\">\n\t\t\t<div class=\"elementor-post__card\">\n\t\t\t\t<div class=\"elementor-post__text\">\n\t\t\t\t<h3 class=\"elementor-post__title\">\n\t\t\t<a href=\"https:\/\/roy-a.name\/easykite\/wordpress\/2024\/02\/20\/point-sargasses-10-02-2018-2\/\" >\n\t\t\t\tPoint sargasses 10\/02\/2018\t\t\t<\/a>\n\t\t<\/h3>\n\t\t\t\t<div class=\"elementor-post__excerpt\">\n\t\t\t<p>Aper\u00e7u de l&rsquo;activit\u00e9 des sargasses sur le spot de Bois Jolan au 10 F\u00e9vrier 2019. \u00ab\u00a0Aide \u00e0 la d\u00e9cision\u00a0\u00bb pour pratiquants de kitesurf. &nbsp; Les sargasses continuent de d\u00e9river par<\/p>\n\t\t<\/div>\n\t\t\n\t\t<a class=\"elementor-post__read-more\" href=\"https:\/\/roy-a.name\/easykite\/wordpress\/2024\/02\/20\/point-sargasses-10-02-2018-2\/\" aria-label=\"En savoir plus sur Point sargasses 10\/02\/2018\" tabindex=\"-1\" >\n\t\t\tLire la suite\t\t<\/a>\n\n\t\t\t\t<\/div>\n\t\t\t\t<div class=\"elementor-post__meta-data\">\n\t\t\t\t\t<span class=\"elementor-post-date\">\n\t\t\t20 f\u00e9vrier 2024\t\t<\/span>\n\t\t\t\t<span class=\"elementor-post-avatar\">\n\t\t\tAucun commentaire\t\t<\/span>\n\t\t\t\t<\/div>\n\t\t\t\t\t<\/div>\n\t\t<\/article>\n\t\t\t\t<article class=\"elementor-post elementor-grid-item post-4117 post type-post status-publish format-standard hentry category-actualites tag-kitesurf-guadeloupe tag-sargasses-guadeloupe tag-spot-kitesurf tag-wingfoil-guadeloupe\">\n\t\t\t<div class=\"elementor-post__card\">\n\t\t\t\t<div class=\"elementor-post__text\">\n\t\t\t\t<h3 class=\"elementor-post__title\">\n\t\t\t<a href=\"https:\/\/roy-a.name\/easykite\/wordpress\/2024\/02\/20\/point-sargasses-25-01-2019-2\/\" >\n\t\t\t\tPoint sargasses 25\/01\/2019\t\t\t<\/a>\n\t\t<\/h3>\n\t\t\t\t<div class=\"elementor-post__excerpt\">\n\t\t\t<p>Aper\u00e7u de l&rsquo;activit\u00e9 des sargasses sur le spot de Bois Jolan au 25 Janvier 2019. \u00ab\u00a0Aide \u00e0 la d\u00e9cision\u00a0\u00bb pour pratiquants de kitesurf. Le bulletin de d\u00e9rive des sargasses autour<\/p>\n\t\t<\/div>\n\t\t\n\t\t<a class=\"elementor-post__read-more\" href=\"https:\/\/roy-a.name\/easykite\/wordpress\/2024\/02\/20\/point-sargasses-25-01-2019-2\/\" aria-label=\"En savoir plus sur Point sargasses 25\/01\/2019\" tabindex=\"-1\" >\n\t\t\tLire la suite\t\t<\/a>\n\n\t\t\t\t<\/div>\n\t\t\t\t<div class=\"elementor-post__meta-data\">\n\t\t\t\t\t<span class=\"elementor-post-date\">\n\t\t\t20 f\u00e9vrier 2024\t\t<\/span>\n\t\t\t\t<span class=\"elementor-post-avatar\">\n\t\t\tAucun commentaire\t\t<\/span>\n\t\t\t\t<\/div>\n\t\t\t\t\t<\/div>\n\t\t<\/article>\n\t\t\t\t<article class=\"elementor-post elementor-grid-item post-4116 post type-post status-publish format-standard has-post-thumbnail hentry category-actualites tag-kitesurf-guadeloupe tag-sargasses-guadeloupe tag-spot-kitesurf tag-wingfoil-guadeloupe\">\n\t\t\t<div class=\"elementor-post__card\">\n\t\t\t\t<a class=\"elementor-post__thumbnail__link\" href=\"https:\/\/roy-a.name\/easykite\/wordpress\/2024\/02\/20\/point-sargasses-au-18-janv-2019-2\/\" tabindex=\"-1\" ><div class=\"elementor-post__thumbnail\"><img decoding=\"async\" width=\"300\" height=\"150\" src=\"https:\/\/roy-a.name\/easykite\/wordpress\/wp-content\/uploads\/2023\/11\/Statistiques-Vent-Guadeloupe-300x150.jpg\" class=\"attachment-medium size-medium wp-image-3900\" alt=\"Tableau histogramme statistiques de vent Guadeloupe\" srcset=\"https:\/\/roy-a.name\/easykite\/wordpress\/wp-content\/uploads\/2023\/11\/Statistiques-Vent-Guadeloupe-300x150.jpg 300w, https:\/\/roy-a.name\/easykite\/wordpress\/wp-content\/uploads\/2023\/11\/Statistiques-Vent-Guadeloupe-1024x513.jpg 1024w, https:\/\/roy-a.name\/easykite\/wordpress\/wp-content\/uploads\/2023\/11\/Statistiques-Vent-Guadeloupe-768x384.jpg 768w, https:\/\/roy-a.name\/easykite\/wordpress\/wp-content\/uploads\/2023\/11\/Statistiques-Vent-Guadeloupe-1536x769.jpg 1536w, https:\/\/roy-a.name\/easykite\/wordpress\/wp-content\/uploads\/2023\/11\/Statistiques-Vent-Guadeloupe.jpg 1862w\" sizes=\"(max-width: 300px) 100vw, 300px\" \/><\/div><\/a>\n\t\t\t\t<div class=\"elementor-post__text\">\n\t\t\t\t<h3 class=\"elementor-post__title\">\n\t\t\t<a href=\"https:\/\/roy-a.name\/easykite\/wordpress\/2024\/02\/20\/point-sargasses-au-18-janv-2019-2\/\" >\n\t\t\t\tPoint sargasses 18\/01\/2019\t\t\t<\/a>\n\t\t<\/h3>\n\t\t\t\t<div class=\"elementor-post__excerpt\">\n\t\t\t<p>Aper\u00e7u de l&rsquo;activit\u00e9 des sargasses sur le spot de Bois Jolan au 18 Janvier 2019. \u00ab\u00a0Aide \u00e0 la d\u00e9cision\u00a0\u00bb pour pratiquants de kitesurf. Voila 10 jours que les c\u00f4tes expos\u00e9es<\/p>\n\t\t<\/div>\n\t\t\n\t\t<a class=\"elementor-post__read-more\" href=\"https:\/\/roy-a.name\/easykite\/wordpress\/2024\/02\/20\/point-sargasses-au-18-janv-2019-2\/\" aria-label=\"En savoir plus sur Point sargasses 18\/01\/2019\" tabindex=\"-1\" >\n\t\t\tLire la suite\t\t<\/a>\n\n\t\t\t\t<\/div>\n\t\t\t\t<div class=\"elementor-post__meta-data\">\n\t\t\t\t\t<span class=\"elementor-post-date\">\n\t\t\t20 f\u00e9vrier 2024\t\t<\/span>\n\t\t\t\t<span class=\"elementor-post-avatar\">\n\t\t\tAucun commentaire\t\t<\/span>\n\t\t\t\t<\/div>\n\t\t\t\t\t<\/div>\n\t\t<\/article>\n\t\t\t\t<article class=\"elementor-post elementor-grid-item post-4115 post type-post status-publish format-standard has-post-thumbnail hentry category-actualites tag-kitesurf-guadeloupe tag-sargasses-guadeloupe tag-spot-kitesurf tag-wingfoil-guadeloupe\">\n\t\t\t<div class=\"elementor-post__card\">\n\t\t\t\t<a class=\"elementor-post__thumbnail__link\" href=\"https:\/\/roy-a.name\/easykite\/wordpress\/2024\/02\/20\/point-sargasses-au-10-janvier-2019-2\/\" tabindex=\"-1\" ><div class=\"elementor-post__thumbnail\"><img fetchpriority=\"high\" decoding=\"async\" width=\"300\" height=\"169\" src=\"https:\/\/roy-a.name\/easykite\/wordpress\/wp-content\/uploads\/2018\/12\/sargasses-20-12-2018-Copier-1-300x169.jpg\" class=\"attachment-medium size-medium wp-image-4113\" alt=\"Sargasses sur Plage du spot de kitesurf de Guadeloupe\" srcset=\"https:\/\/roy-a.name\/easykite\/wordpress\/wp-content\/uploads\/2018\/12\/sargasses-20-12-2018-Copier-1-300x169.jpg 300w, https:\/\/roy-a.name\/easykite\/wordpress\/wp-content\/uploads\/2018\/12\/sargasses-20-12-2018-Copier-1-1024x576.jpg 1024w, https:\/\/roy-a.name\/easykite\/wordpress\/wp-content\/uploads\/2018\/12\/sargasses-20-12-2018-Copier-1-768x432.jpg 768w, https:\/\/roy-a.name\/easykite\/wordpress\/wp-content\/uploads\/2018\/12\/sargasses-20-12-2018-Copier-1-1536x864.jpg 1536w, https:\/\/roy-a.name\/easykite\/wordpress\/wp-content\/uploads\/2018\/12\/sargasses-20-12-2018-Copier-1.jpg 1920w\" sizes=\"(max-width: 300px) 100vw, 300px\" \/><\/div><\/a>\n\t\t\t\t<div class=\"elementor-post__text\">\n\t\t\t\t<h3 class=\"elementor-post__title\">\n\t\t\t<a href=\"https:\/\/roy-a.name\/easykite\/wordpress\/2024\/02\/20\/point-sargasses-au-10-janvier-2019-2\/\" >\n\t\t\t\tPoint sargasses 10\/01\/2019\t\t\t<\/a>\n\t\t<\/h3>\n\t\t\t\t<div class=\"elementor-post__excerpt\">\n\t\t\t<p>Aper\u00e7u de l&rsquo;activit\u00e9 des sargasses sur le spot de Bois Jolan au 27 D\u00e9cembre 2018. \u00ab\u00a0Aide \u00e0 la d\u00e9cision\u00a0\u00bb pour pratiquants de kitesurf. Le virage remarqu\u00e9 du vent au secteur<\/p>\n\t\t<\/div>\n\t\t\n\t\t<a class=\"elementor-post__read-more\" href=\"https:\/\/roy-a.name\/easykite\/wordpress\/2024\/02\/20\/point-sargasses-au-10-janvier-2019-2\/\" aria-label=\"En savoir plus sur Point sargasses 10\/01\/2019\" tabindex=\"-1\" >\n\t\t\tLire la suite\t\t<\/a>\n\n\t\t\t\t<\/div>\n\t\t\t\t<div class=\"elementor-post__meta-data\">\n\t\t\t\t\t<span class=\"elementor-post-date\">\n\t\t\t20 f\u00e9vrier 2024\t\t<\/span>\n\t\t\t\t<span class=\"elementor-post-avatar\">\n\t\t\tAucun commentaire\t\t<\/span>\n\t\t\t\t<\/div>\n\t\t\t\t\t<\/div>\n\t\t<\/article>\n\t\t\t\t<article class=\"elementor-post elementor-grid-item post-4114 post type-post status-publish format-standard hentry category-actualites tag-bois-jolan tag-sargasses tag-spot-kitesurf tag-wing-guadeloupe\">\n\t\t\t<div class=\"elementor-post__card\">\n\t\t\t\t<div class=\"elementor-post__text\">\n\t\t\t\t<h3 class=\"elementor-post__title\">\n\t\t\t<a href=\"https:\/\/roy-a.name\/easykite\/wordpress\/2024\/02\/20\/point-sargasses-au-27-dec-2018-2\/\" >\n\t\t\t\tPoint sargasses 27\/12\/2018\t\t\t<\/a>\n\t\t<\/h3>\n\t\t\t\t<div class=\"elementor-post__excerpt\">\n\t\t\t<p>Aper\u00e7u de l&rsquo;activit\u00e9 des sargasses sur le spot de Bois Jolan au 27 D\u00e9cembre 2018. \u00ab\u00a0Aide \u00e0 la d\u00e9cision\u00a0\u00bb pour pratiquants de kitesurf. Aucun arrivage massif de sargasses \u00e0 l&rsquo;anse<\/p>\n\t\t<\/div>\n\t\t\n\t\t<a class=\"elementor-post__read-more\" href=\"https:\/\/roy-a.name\/easykite\/wordpress\/2024\/02\/20\/point-sargasses-au-27-dec-2018-2\/\" aria-label=\"En savoir plus sur Point sargasses 27\/12\/2018\" tabindex=\"-1\" >\n\t\t\tLire la suite\t\t<\/a>\n\n\t\t\t\t<\/div>\n\t\t\t\t<div class=\"elementor-post__meta-data\">\n\t\t\t\t\t<span class=\"elementor-post-date\">\n\t\t\t20 f\u00e9vrier 2024\t\t<\/span>\n\t\t\t\t<span class=\"elementor-post-avatar\">\n\t\t\tAucun commentaire\t\t<\/span>\n\t\t\t\t<\/div>\n\t\t\t\t\t<\/div>\n\t\t<\/article>\n\t\t\t\t<article class=\"elementor-post elementor-grid-item post-4112 post type-post status-publish format-standard has-post-thumbnail hentry category-actualites tag-kitesurf-guadeloupe tag-sargasses-guadeloupe tag-spot-kitesurf tag-wingfoil-guadeloupe\">\n\t\t\t<div class=\"elementor-post__card\">\n\t\t\t\t<a class=\"elementor-post__thumbnail__link\" href=\"https:\/\/roy-a.name\/easykite\/wordpress\/2024\/02\/20\/point-sargasses-au-20-dec-2018-2\/\" tabindex=\"-1\" ><div class=\"elementor-post__thumbnail\"><img fetchpriority=\"high\" decoding=\"async\" width=\"300\" height=\"169\" src=\"https:\/\/roy-a.name\/easykite\/wordpress\/wp-content\/uploads\/2018\/12\/sargasses-20-12-2018-Copier-1-300x169.jpg\" class=\"attachment-medium size-medium wp-image-4113\" alt=\"Sargasses sur Plage du spot de kitesurf de Guadeloupe\" srcset=\"https:\/\/roy-a.name\/easykite\/wordpress\/wp-content\/uploads\/2018\/12\/sargasses-20-12-2018-Copier-1-300x169.jpg 300w, https:\/\/roy-a.name\/easykite\/wordpress\/wp-content\/uploads\/2018\/12\/sargasses-20-12-2018-Copier-1-1024x576.jpg 1024w, https:\/\/roy-a.name\/easykite\/wordpress\/wp-content\/uploads\/2018\/12\/sargasses-20-12-2018-Copier-1-768x432.jpg 768w, https:\/\/roy-a.name\/easykite\/wordpress\/wp-content\/uploads\/2018\/12\/sargasses-20-12-2018-Copier-1-1536x864.jpg 1536w, https:\/\/roy-a.name\/easykite\/wordpress\/wp-content\/uploads\/2018\/12\/sargasses-20-12-2018-Copier-1.jpg 1920w\" sizes=\"(max-width: 300px) 100vw, 300px\" \/><\/div><\/a>\n\t\t\t\t<div class=\"elementor-post__text\">\n\t\t\t\t<h3 class=\"elementor-post__title\">\n\t\t\t<a href=\"https:\/\/roy-a.name\/easykite\/wordpress\/2024\/02\/20\/point-sargasses-au-20-dec-2018-2\/\" >\n\t\t\t\tPoint sargasses 20\/12\/2018\t\t\t<\/a>\n\t\t<\/h3>\n\t\t\t\t<div class=\"elementor-post__excerpt\">\n\t\t\t<p>Aper\u00e7u de l&rsquo;activit\u00e9 des sargasses sur le spot de Bois Jolan au 20 D\u00e9cembre 2018. \u00ab\u00a0Aide \u00e0 la d\u00e9cision\u00a0\u00bb pour pratiquants de kitesurf. Quelques rares sargasses ont d\u00e9riv\u00e9 pendant une<\/p>\n\t\t<\/div>\n\t\t\n\t\t<a class=\"elementor-post__read-more\" href=\"https:\/\/roy-a.name\/easykite\/wordpress\/2024\/02\/20\/point-sargasses-au-20-dec-2018-2\/\" aria-label=\"En savoir plus sur Point sargasses 20\/12\/2018\" tabindex=\"-1\" >\n\t\t\tLire la suite\t\t<\/a>\n\n\t\t\t\t<\/div>\n\t\t\t\t<div class=\"elementor-post__meta-data\">\n\t\t\t\t\t<span class=\"elementor-post-date\">\n\t\t\t20 f\u00e9vrier 2024\t\t<\/span>\n\t\t\t\t<span class=\"elementor-post-avatar\">\n\t\t\tAucun commentaire\t\t<\/span>\n\t\t\t\t<\/div>\n\t\t\t\t\t<\/div>\n\t\t<\/article>\n\t\t\t\t<\/div>\n\t\t\n\t\t\t\t<div class=\"e-load-more-anchor\" data-page=\"1\" data-max-page=\"14\" data-next-page=\"https:\/\/roy-a.name\/easykite\/wordpress\/wp-json\/wp\/v2\/pages\/2505\/page\/2\/\"><\/div>\n\t\t\t\t<nav class=\"elementor-pagination\" aria-label=\"Pagination\">\n\t\t\t<span class=\"page-numbers prev\">&laquo; Previous<\/span>\n<a class=\"page-numbers next\" href=\"https:\/\/roy-a.name\/easykite\/wordpress\/wp-json\/wp\/v2\/pages\/2505\/page\/2\/\">Next &raquo;<\/a>\t\t<\/nav>\n\t\t\t\t<\/div>\n\t\t\t\t<\/div>\n\t\t\t\t\t<\/div>\n\t\t<\/div>\n\t\t\t\t\t<\/div>\n\t\t<\/section>\n\t\t\t\t<\/div>\n\t\t","protected":false},"excerpt":{"rendered":"<p>Articles sur l&rsquo;actualit\u00e9 de Kite &amp; Wing<\/p>\n","protected":false},"author":1,"featured_media":4113,"parent":0,"menu_order":0,"comment_status":"closed","ping_status":"closed","template":"","meta":{"footnotes":""},"class_list":["post-2505","page","type-page","status-publish","has-post-thumbnail","hentry"],"_links":{"self":[{"href":"https:\/\/roy-a.name\/easykite\/wordpress\/wp-json\/wp\/v2\/pages\/2505","targetHints":{"allow":["GET"]}}],"collection":[{"href":"https:\/\/roy-a.name\/easykite\/wordpress\/wp-json\/wp\/v2\/pages"}],"about":[{"href":"https:\/\/roy-a.name\/easykite\/wordpress\/wp-json\/wp\/v2\/types\/page"}],"author":[{"embeddable":true,"href":"https:\/\/roy-a.name\/easykite\/wordpress\/wp-json\/wp\/v2\/users\/1"}],"replies":[{"embeddable":true,"href":"https:\/\/roy-a.name\/easykite\/wordpress\/wp-json\/wp\/v2\/comments?post=2505"}],"version-history":[{"count":6,"href":"https:\/\/roy-a.name\/easykite\/wordpress\/wp-json\/wp\/v2\/pages\/2505\/revisions"}],"predecessor-version":[{"id":4232,"href":"https:\/\/roy-a.name\/easykite\/wordpress\/wp-json\/wp\/v2\/pages\/2505\/revisions\/4232"}],"wp:featuredmedia":[{"embeddable":true,"href":"https:\/\/roy-a.name\/easykite\/wordpress\/wp-json\/wp\/v2\/media\/4113"}],"wp:attachment":[{"href":"https:\/\/roy-a.name\/easykite\/wordpress\/wp-json\/wp\/v2\/media?parent=2505"}],"curies":[{"name":"wp","href":"https:\/\/api.w.org\/{rel}","templated":true}]}}